{"id":110,"date":"2023-01-14T03:38:05","date_gmt":"2023-01-14T03:38:05","guid":{"rendered":"https:\/\/ideate.com.co\/?page_id=110"},"modified":"2024-06-03T00:03:26","modified_gmt":"2024-06-03T00:03:26","slug":"realizamos-el-desarrollo-y-diseno-de-tu-sitio-web-o-tienda-virtual","status":"publish","type":"page","link":"https:\/\/ideate.com.co\/index.php\/realizamos-el-desarrollo-y-diseno-de-tu-sitio-web-o-tienda-virtual\/","title":{"rendered":"Web Page Design"},"content":{"rendered":"<p>[et_pb_section fb_built=&#8221;1&#8243; _builder_version=&#8221;4.17.6&#8243; _module_preset=&#8221;default&#8221; background_color=&#8221;RGBA(255,255,255,0)&#8221; background_enable_image=&#8221;off&#8221; global_colors_info=&#8221;{}&#8221;][et_pb_row column_structure=&#8221;1_2,1_2&#8243; _builder_version=&#8221;4.17.6&#8243; _module_preset=&#8221;default&#8221; custom_padding=&#8221;0px||0px||true|false&#8221; global_colors_info=&#8221;{}&#8221;][et_pb_column type=&#8221;1_2&#8243; _builder_version=&#8221;4.17.6&#8243; _module_preset=&#8221;default&#8221; global_colors_info=&#8221;{}&#8221;][et_pb_image src=&#8221;https:\/\/ideate.com.co\/wp-content\/uploads\/2023\/01\/3528473x900x600.png&#8221; title_text=&#8221;3528473x900x600&#8243; align=&#8221;center&#8221; _builder_version=&#8221;4.17.6&#8243; _module_preset=&#8221;default&#8221; width=&#8221;79%&#8221; animation_style=&#8221;slide&#8221; animation_direction=&#8221;right&#8221; border_color_right=&#8221;#E09900&#8243; global_colors_info=&#8221;{}&#8221;][\/et_pb_image][\/et_pb_column][et_pb_column type=&#8221;1_2&#8243; _builder_version=&#8221;4.17.6&#8243; _module_preset=&#8221;default&#8221; global_colors_info=&#8221;{}&#8221;][et_pb_text module_id=&#8221;Marketing&#8221; _builder_version=&#8221;4.25.1&#8243; _module_preset=&#8221;default&#8221; text_font=&#8221;Roboto|300|||||||&#8221; text_text_color=&#8221;#0C71C3&#8243; text_font_size=&#8221;28px&#8221; text_font_size_tablet=&#8221;28px&#8221; text_font_size_phone=&#8221;24px&#8221; text_font_size_last_edited=&#8221;on|desktop&#8221; global_colors_info=&#8221;{}&#8221;]<\/p>\n<p>All Our Design Plans Include:<\/p>\n<p>[\/et_pb_text][et_pb_text module_id=&#8221;Marketing&#8221; _builder_version=&#8221;4.25.1&#8243; _module_preset=&#8221;default&#8221; text_font=&#8221;Roboto|300|||||||&#8221; text_font_size=&#8221;18px&#8221; text_font_size_tablet=&#8221;18px&#8221; text_font_size_phone=&#8221;16px&#8221; text_font_size_last_edited=&#8221;on|desktop&#8221; global_colors_info=&#8221;{}&#8221;]<\/p>\n<p>If you don&#8217;t have hosting and a domain for your website yet, we will take care of that, and as a new customer, we will give you the first year for free, with an SSL certificate included.<\/p>\n<p>In addition to exclusive benefits for all our customers, such as:<\/p>\n<ul>\n<li>Customer service channels<\/li>\n<li>100% secure sites with SSL<\/li>\n<li>Corporate identity design<\/li>\n<li>Responsive mobile websites<\/li>\n<li>Websites designed to sell effectively<\/li>\n<li>Training and online support<\/li>\n<\/ul>\n<p>[\/et_pb_text][et_pb_button button_url=&#8221;#Marketing&#8221; button_text=&#8221;Free consultation&#8221; _builder_version=&#8221;4.25.1&#8243; _module_preset=&#8221;default&#8221; custom_button=&#8221;on&#8221; button_text_color=&#8221;#FFFFFF&#8221; button_bg_color=&#8221;#0C71C3&#8243; button_border_width=&#8221;0px&#8221; button_border_radius=&#8221;1px&#8221; button_icon=&#8221;&#x39;||divi||400&#8243; animation_style=&#8221;fade&#8221; button_text_size_tablet=&#8221;&#8221; button_text_size_phone=&#8221;16px&#8221; button_text_size_last_edited=&#8221;on|phone&#8221; global_colors_info=&#8221;{}&#8221;][\/et_pb_button][\/et_pb_column][\/et_pb_row][\/et_pb_section][et_pb_section fb_built=&#8221;1&#8243; _builder_version=&#8221;4.17.6&#8243; _module_preset=&#8221;default&#8221; global_colors_info=&#8221;{}&#8221;][et_pb_row _builder_version=&#8221;4.25.0&#8243; _module_preset=&#8221;default&#8221; custom_padding=&#8221;0px||0px||true|false&#8221; global_colors_info=&#8221;{}&#8221;][et_pb_column type=&#8221;4_4&#8243; _builder_version=&#8221;4.17.6&#8243; _module_preset=&#8221;default&#8221; global_colors_info=&#8221;{}&#8221;][et_pb_pricing_tables _builder_version=&#8221;4.25.1&#8243; _module_preset=&#8221;default&#8221; hover_enabled=&#8221;0&#8243; border_radii=&#8221;on|20px|20px|20px|20px&#8221; global_colors_info=&#8221;{}&#8221; sticky_enabled=&#8221;0&#8243;][et_pb_pricing_table title=&#8221;PERSONAL&#8221; currency=&#8221;USD&#8221; sum=&#8221;299&#8243; button_url=&#8221;https:\/\/buy.stripe.com\/cN27uC4RI4uTcWQ9AA&#8221; button_text=&#8221;Purchase&#8221; header_background_color=&#8221;#0C71C3&#8243; _builder_version=&#8221;4.25.1&#8243; _module_preset=&#8221;default&#8221; header_font=&#8221;Roboto||||||||&#8221; custom_button=&#8221;on&#8221; button_text_color=&#8221;#FFFFFF&#8221; button_bg_color=&#8221;#0C71C3&#8243; link_option_url=&#8221;https:\/\/buy.stripe.com\/cN27uC4RI4uTcWQ9AA&#8221; global_colors_info=&#8221;{}&#8221; sticky_transition=&#8221;on&#8221;]<\/p>\n<p>1 Internal Sections<\/p>\n<p>Domain + Hosting (for One Year)<\/p>\n<p>SSL Certification<\/p>\n<p>Responsive Design (Mobile)<\/p>\n<p>SEO Optimization (Speed)<\/p>\n<p>Google Integration<\/p>\n<p>Banner Design (Graphic Piece)<\/p>\n<p>WhatsApp Button<\/p>\n<p>1 Corporate Email<\/p>\n<p>Social Media Integration<\/p>\n<p>Free Logo<\/p>\n<p>[\/et_pb_pricing_table][et_pb_pricing_table title=&#8221;BUSINESS&#8221; currency=&#8221;USD&#8221; sum=&#8221;499&#8243; button_url=&#8221;Elevate your business to the next level with our Advanced Entrepreneur Plan, designed for growing companies looking to expand their digital market reach. This package includes everything you need to stand out in the competition.&#8221; button_text=&#8221;Purchase&#8221; header_background_color=&#8221;#0C71C3&#8243; _builder_version=&#8221;4.25.1&#8243; _module_preset=&#8221;default&#8221; header_font=&#8221;Roboto||||||||&#8221; custom_button=&#8221;on&#8221; button_text_color=&#8221;#FFFFFF&#8221; button_bg_color=&#8221;#0C71C3&#8243; hover_enabled=&#8221;0&#8243; global_colors_info=&#8221;{}&#8221; sticky_transition=&#8221;on&#8221; link_option_url=&#8221;Elevate your business to the next level with our Advanced Entrepreneur Plan, designed for growing companies looking to expand their digital market reach. This package includes everything you need to stand out in the competition.&#8221; sticky_enabled=&#8221;0&#8243;]<\/p>\n<p>5 Internal Sections<\/p>\n<p>Up to 30 Products (Uploaded)<\/p>\n<p>Domain + Hosting (for One Year)<\/p>\n<p>SSL Certification<\/p>\n<p>Responsive Design (Mobile)<\/p>\n<p>SEO Optimization (Speed)<\/p>\n<p>Google Integration<\/p>\n<p>Banner Design (Graphic Piece)<\/p>\n<p>WhatsApp Button<\/p>\n<p>2 Corporate Emails<\/p>\n<p>Social Media Integration<\/p>\n<p>Free Logo<\/p>\n<p>Business Card Design<\/p>\n<p>Social Media Creation<\/p>\n<p>[\/et_pb_pricing_table][et_pb_pricing_table title=&#8221;PREMIUM&#8221; currency=&#8221;USD&#8221; sum=&#8221;899&#8243; button_url=&#8221;https:\/\/buy.stripe.com\/8wM6qyfwm9Pde0UcMO&#8221; button_text=&#8221;Order Now&#8221; header_background_color=&#8221;#0C71C3&#8243; _builder_version=&#8221;4.25.1&#8243; _module_preset=&#8221;default&#8221; header_font=&#8221;Roboto||||||||&#8221; custom_button=&#8221;on&#8221; button_text_color=&#8221;#FFFFFF&#8221; button_bg_color=&#8221;#0C71C3&#8243; hover_enabled=&#8221;0&#8243; global_colors_info=&#8221;{}&#8221; sticky_transition=&#8221;on&#8221; sticky_enabled=&#8221;0&#8243; link_option_url=&#8221;https:\/\/buy.stripe.com\/8wM6qyfwm9Pde0UcMO&#8221;]<\/p>\n<p>10 Internal Sections<\/p>\n<p>Unlimited Product Uploads<\/p>\n<p>Domain + Hosting (for One Year)<\/p>\n<p>SSL Certification<\/p>\n<p>Responsive Design (Mobile)<\/p>\n<p>SEO Optimization (Speed)<\/p>\n<p>Google Integration<\/p>\n<p>Banner Design (Graphic Piece)<\/p>\n<p>WhatsApp Button<\/p>\n<p>5 Corporate Emails<\/p>\n<p>Social Media Integration<\/p>\n<p>Free Logo<\/p>\n<p>Business Card Design<\/p>\n<p>Social Media Creation<\/p>\n<p>Integrated Payment Gateway<\/p>\n<p>[\/et_pb_pricing_table][\/et_pb_pricing_tables][\/et_pb_column][\/et_pb_row][\/et_pb_section][et_pb_section fb_built=&#8221;1&#8243; _builder_version=&#8221;4.17.6&#8243; _module_preset=&#8221;default&#8221; background_color=&#8221;RGBA(255,255,255,0)&#8221; background_enable_image=&#8221;off&#8221; custom_padding=&#8221;||||true|false&#8221; global_colors_info=&#8221;{}&#8221;][et_pb_row column_structure=&#8221;1_2,1_2&#8243; _builder_version=&#8221;4.17.6&#8243; _module_preset=&#8221;default&#8221; custom_padding=&#8221;0px||0px||true|false&#8221; global_colors_info=&#8221;{}&#8221;][et_pb_column type=&#8221;1_2&#8243; _builder_version=&#8221;4.17.6&#8243; _module_preset=&#8221;default&#8221; global_colors_info=&#8221;{}&#8221;][et_pb_text module_id=&#8221;Marketing&#8221; _builder_version=&#8221;4.25.1&#8243; _module_preset=&#8221;default&#8221; text_font=&#8221;Roboto|300|||||||&#8221; text_text_color=&#8221;#0C71C3&#8243; text_font_size=&#8221;28px&#8221; hover_enabled=&#8221;0&#8243; text_font_size_tablet=&#8221;28px&#8221; text_font_size_phone=&#8221;24px&#8221; text_font_size_last_edited=&#8221;on|desktop&#8221; global_colors_info=&#8221;{}&#8221; sticky_enabled=&#8221;0&#8243;]<\/p>\n<p>We design your website or online store.<\/p>\n<p>[\/et_pb_text][et_pb_text module_id=&#8221;Marketing&#8221; _builder_version=&#8221;4.25.1&#8243; _module_preset=&#8221;default&#8221; text_font=&#8221;Roboto|300|||||||&#8221; text_font_size=&#8221;18px&#8221; hover_enabled=&#8221;0&#8243; text_font_size_tablet=&#8221;18px&#8221; text_font_size_phone=&#8221;16px&#8221; text_font_size_last_edited=&#8221;on|desktop&#8221; global_colors_info=&#8221;{}&#8221; sticky_enabled=&#8221;0&#8243;]<\/p>\n<p>IDEATE is a leading web design agency with an award-winning design team that creates innovative and effective websites capturing your brand, enhancing your conversion rates, and maximizing your revenue to help grow your business and achieve your goals.<\/p>\n<p>Call to inquire about any questions:\u00a0 <strong>+1 (561) 312-3607<\/strong><\/p>\n<p>[\/et_pb_text][et_pb_button button_url=&#8221;#Marketing&#8221; button_text=&#8221;Free consultation&#8221; _builder_version=&#8221;4.25.1&#8243; _module_preset=&#8221;default&#8221; custom_button=&#8221;on&#8221; button_text_color=&#8221;#FFFFFF&#8221; button_bg_color=&#8221;#0C71C3&#8243; button_border_width=&#8221;0px&#8221; button_border_radius=&#8221;1px&#8221; button_icon=&#8221;&#x39;||divi||400&#8243; animation_style=&#8221;fade&#8221; hover_enabled=&#8221;0&#8243; button_text_size_tablet=&#8221;&#8221; button_text_size_phone=&#8221;16px&#8221; button_text_size_last_edited=&#8221;on|phone&#8221; global_colors_info=&#8221;{}&#8221; sticky_enabled=&#8221;0&#8243;][\/et_pb_button][\/et_pb_column][et_pb_column type=&#8221;1_2&#8243; _builder_version=&#8221;4.17.6&#8243; _module_preset=&#8221;default&#8221; global_colors_info=&#8221;{}&#8221;][et_pb_image src=&#8221;https:\/\/ideate.com.co\/wp-content\/uploads\/2023\/01\/4565253-900&#215;600-1.png&#8221; title_text=&#8221;4565253-900&#215;600&#8243; align=&#8221;center&#8221; _builder_version=&#8221;4.17.6&#8243; _module_preset=&#8221;default&#8221; width=&#8221;79%&#8221; animation_style=&#8221;slide&#8221; animation_direction=&#8221;right&#8221; border_color_right=&#8221;#E09900&#8243; global_colors_info=&#8221;{}&#8221;][\/et_pb_image][\/et_pb_column][\/et_pb_row][\/et_pb_section][et_pb_section fb_built=&#8221;1&#8243; _builder_version=&#8221;4.17.6&#8243; _module_preset=&#8221;default&#8221; custom_padding=&#8221;0px||0px||true|false&#8221; global_colors_info=&#8221;{}&#8221;][et_pb_row _builder_version=&#8221;4.17.6&#8243; _module_preset=&#8221;default&#8221; custom_padding=&#8221;0px||0px||true|false&#8221; global_colors_info=&#8221;{}&#8221;][et_pb_column type=&#8221;4_4&#8243; _builder_version=&#8221;4.17.6&#8243; _module_preset=&#8221;default&#8221; global_colors_info=&#8221;{}&#8221;][et_pb_image src=&#8221;https:\/\/ideate.com.co\/wp-content\/uploads\/2024\/05\/tecnologias-negro.png&#8221; title_text=&#8221;tecnologias-negro&#8221; _builder_version=&#8221;4.25.0&#8243; _module_preset=&#8221;default&#8221; width=&#8221;80%&#8221; module_alignment=&#8221;center&#8221; global_colors_info=&#8221;{}&#8221;][\/et_pb_image][\/et_pb_column][\/et_pb_row][et_pb_row column_structure=&#8221;1_4,1_4,1_4,1_4&#8243; _builder_version=&#8221;4.17.6&#8243; _module_preset=&#8221;default&#8221; global_colors_info=&#8221;{}&#8221;][et_pb_column type=&#8221;1_4&#8243; _builder_version=&#8221;4.17.6&#8243; _module_preset=&#8221;default&#8221; global_colors_info=&#8221;{}&#8221;][et_pb_text _builder_version=&#8221;4.25.1&#8243; _module_preset=&#8221;default&#8221; text_font=&#8221;Roboto|300|||||||&#8221; text_font_size=&#8221;16px&#8221; hover_enabled=&#8221;0&#8243; text_font_size_tablet=&#8221;16px&#8221; text_font_size_phone=&#8221;16px&#8221; text_font_size_last_edited=&#8221;on|desktop&#8221; global_colors_info=&#8221;{}&#8221; sticky_enabled=&#8221;0&#8243;]<\/p>\n<p>Web positioning, SEO marketing company in the United States 2024<\/p>\n<p>[\/et_pb_text][\/et_pb_column][et_pb_column type=&#8221;1_4&#8243; _builder_version=&#8221;4.17.6&#8243; _module_preset=&#8221;default&#8221; global_colors_info=&#8221;{}&#8221;][et_pb_text _builder_version=&#8221;4.17.6&#8243; _module_preset=&#8221;default&#8221; text_font=&#8221;Roboto|300|||||||&#8221; text_font_size=&#8221;16px&#8221; custom_padding_tablet=&#8221;&#8221; custom_padding_phone=&#8221;0px||0px||true|false&#8221; custom_padding_last_edited=&#8221;on|phone&#8221; text_font_size_tablet=&#8221;16px&#8221; text_font_size_phone=&#8221;16px&#8221; text_font_size_last_edited=&#8221;on|desktop&#8221; global_colors_info=&#8221;{}&#8221;]<\/p>\n<p>Tel\u00e9fono<br \/><strong>+1 (561) 312-3607<\/strong><\/p>\n<p>[\/et_pb_text][\/et_pb_column][et_pb_column type=&#8221;1_4&#8243; _builder_version=&#8221;4.17.6&#8243; _module_preset=&#8221;default&#8221; global_colors_info=&#8221;{}&#8221;][et_pb_text _builder_version=&#8221;4.17.6&#8243; _module_preset=&#8221;default&#8221; text_font=&#8221;Roboto|300|||||||&#8221; text_font_size=&#8221;16px&#8221; custom_padding_tablet=&#8221;&#8221; custom_padding_phone=&#8221;0px||0px||true|false&#8221; custom_padding_last_edited=&#8221;on|phone&#8221; text_font_size_tablet=&#8221;16px&#8221; text_font_size_phone=&#8221;16px&#8221; text_font_size_last_edited=&#8221;on|desktop&#8221; global_colors_info=&#8221;{}&#8221;]<\/p>\n<p>Email<br \/><strong>contact@ideate.com.co<\/strong><\/p>\n<p>[\/et_pb_text][\/et_pb_column][et_pb_column type=&#8221;1_4&#8243; _builder_version=&#8221;4.17.6&#8243; _module_preset=&#8221;default&#8221; global_colors_info=&#8221;{}&#8221;][et_pb_text _builder_version=&#8221;4.17.6&#8243; _module_preset=&#8221;default&#8221; text_font=&#8221;Roboto|300|||||||&#8221; text_font_size=&#8221;16px&#8221; custom_padding_tablet=&#8221;&#8221; custom_padding_phone=&#8221;0px||0px||true|false&#8221; custom_padding_last_edited=&#8221;on|phone&#8221; text_font_size_tablet=&#8221;16px&#8221; text_font_size_phone=&#8221;16px&#8221; text_font_size_last_edited=&#8221;on|desktop&#8221; global_colors_info=&#8221;{}&#8221;]<\/p>\n<p>Direcci\u00f3n<br \/><strong>West Palm Beach, FL.<\/strong><\/p>\n<p>[\/et_pb_text][\/et_pb_column][\/et_pb_row][\/et_pb_section]<\/p>\n","protected":false},"excerpt":{"rendered":"<p>All Our Design Plans Include:If you don&#8217;t have hosting and a domain for your website yet, we will take care of that, and as a new customer, we will give you the first year for free, with an SSL certificate included. In addition to exclusive benefits for all our customers, such as: Customer service channels [&hellip;]<\/p>\n","protected":false},"author":1,"featured_media":23,"parent":0,"menu_order":0,"comment_status":"closed","ping_status":"closed","template":"","meta":{"_et_pb_use_builder":"on","_et_pb_old_content":"","_et_gb_content_width":"","footnotes":""},"class_list":["post-110","page","type-page","status-publish","has-post-thumbnail","hentry"],"yoast_head":"<!-- This site is optimized with the Yoast SEO plugin v27.2 - https:\/\/yoast.com\/product\/yoast-seo-wordpress\/ -->\n<title>Web Page Design - Box of ideas<\/title>\n<meta name=\"description\" content=\"En IDEATE, dise\u00f1amos la p\u00e1gina web ideal para tu empresa con SEO incluido para elevar tu sitio web en los primeros puestos de GOOGLE y as\u00ed mostrar tu negocio a los clientes m\u00e1s potenciales.\" \/>\n<meta name=\"robots\" content=\"index, follow, max-snippet:-1, max-image-preview:large, max-video-preview:-1\" \/>\n<link rel=\"canonical\" href=\"https:\/\/ideate.com.co\/index.php\/realizamos-el-desarrollo-y-diseno-de-tu-sitio-web-o-tienda-virtual\/\" \/>\n<meta property=\"og:locale\" content=\"en_US\" \/>\n<meta property=\"og:type\" content=\"article\" \/>\n<meta property=\"og:title\" content=\"Web Page Design - Box of ideas\" \/>\n<meta property=\"og:description\" content=\"En IDEATE, dise\u00f1amos la p\u00e1gina web ideal para tu empresa con SEO incluido para elevar tu sitio web en los primeros puestos de GOOGLE y as\u00ed mostrar tu negocio a los clientes m\u00e1s potenciales.\" \/>\n<meta property=\"og:url\" content=\"https:\/\/ideate.com.co\/index.php\/realizamos-el-desarrollo-y-diseno-de-tu-sitio-web-o-tienda-virtual\/\" \/>\n<meta property=\"og:site_name\" content=\"Box of ideas\" \/>\n<meta property=\"article:modified_time\" content=\"2024-06-03T00:03:26+00:00\" \/>\n<meta property=\"og:image\" content=\"https:\/\/ideate.com.co\/wp-content\/uploads\/2022\/12\/ideate-desing-ux-ui.jpg\" \/>\n\t<meta property=\"og:image:width\" content=\"900\" \/>\n\t<meta property=\"og:image:height\" content=\"653\" \/>\n\t<meta property=\"og:image:type\" content=\"image\/jpeg\" \/>\n<meta name=\"twitter:card\" content=\"summary_large_image\" \/>\n<script type=\"application\/ld+json\" class=\"yoast-schema-graph\">{\"@context\":\"https:\/\/schema.org\",\"@graph\":[{\"@type\":\"WebPage\",\"@id\":\"https:\/\/ideate.com.co\/index.php\/realizamos-el-desarrollo-y-diseno-de-tu-sitio-web-o-tienda-virtual\/\",\"url\":\"https:\/\/ideate.com.co\/index.php\/realizamos-el-desarrollo-y-diseno-de-tu-sitio-web-o-tienda-virtual\/\",\"name\":\"Web Page Design - Box of ideas\",\"isPartOf\":{\"@id\":\"https:\/\/ideate.com.co\/#website\"},\"primaryImageOfPage\":{\"@id\":\"https:\/\/ideate.com.co\/index.php\/realizamos-el-desarrollo-y-diseno-de-tu-sitio-web-o-tienda-virtual\/#primaryimage\"},\"image\":{\"@id\":\"https:\/\/ideate.com.co\/index.php\/realizamos-el-desarrollo-y-diseno-de-tu-sitio-web-o-tienda-virtual\/#primaryimage\"},\"thumbnailUrl\":\"https:\/\/ideate.com.co\/wp-content\/uploads\/2022\/12\/ideate-desing-ux-ui.jpg\",\"datePublished\":\"2023-01-14T03:38:05+00:00\",\"dateModified\":\"2024-06-03T00:03:26+00:00\",\"description\":\"En IDEATE, dise\u00f1amos la p\u00e1gina web ideal para tu empresa con SEO incluido para elevar tu sitio web en los primeros puestos de GOOGLE y as\u00ed mostrar tu negocio a los clientes m\u00e1s potenciales.\",\"breadcrumb\":{\"@id\":\"https:\/\/ideate.com.co\/index.php\/realizamos-el-desarrollo-y-diseno-de-tu-sitio-web-o-tienda-virtual\/#breadcrumb\"},\"inLanguage\":\"en-US\",\"potentialAction\":[{\"@type\":\"ReadAction\",\"target\":[\"https:\/\/ideate.com.co\/index.php\/realizamos-el-desarrollo-y-diseno-de-tu-sitio-web-o-tienda-virtual\/\"]}]},{\"@type\":\"ImageObject\",\"inLanguage\":\"en-US\",\"@id\":\"https:\/\/ideate.com.co\/index.php\/realizamos-el-desarrollo-y-diseno-de-tu-sitio-web-o-tienda-virtual\/#primaryimage\",\"url\":\"https:\/\/ideate.com.co\/wp-content\/uploads\/2022\/12\/ideate-desing-ux-ui.jpg\",\"contentUrl\":\"https:\/\/ideate.com.co\/wp-content\/uploads\/2022\/12\/ideate-desing-ux-ui.jpg\",\"width\":900,\"height\":653},{\"@type\":\"BreadcrumbList\",\"@id\":\"https:\/\/ideate.com.co\/index.php\/realizamos-el-desarrollo-y-diseno-de-tu-sitio-web-o-tienda-virtual\/#breadcrumb\",\"itemListElement\":[{\"@type\":\"ListItem\",\"position\":1,\"name\":\"Portada\",\"item\":\"https:\/\/ideate.com.co\/\"},{\"@type\":\"ListItem\",\"position\":2,\"name\":\"Web Page Design\"}]},{\"@type\":\"WebSite\",\"@id\":\"https:\/\/ideate.com.co\/#website\",\"url\":\"https:\/\/ideate.com.co\/\",\"name\":\"Digital marketing that boosts businesses\",\"description\":\"Marketing Digital Que impulsa empresas\",\"publisher\":{\"@id\":\"https:\/\/ideate.com.co\/#organization\"},\"potentialAction\":[{\"@type\":\"SearchAction\",\"target\":{\"@type\":\"EntryPoint\",\"urlTemplate\":\"https:\/\/ideate.com.co\/?s={search_term_string}\"},\"query-input\":{\"@type\":\"PropertyValueSpecification\",\"valueRequired\":true,\"valueName\":\"search_term_string\"}}],\"inLanguage\":\"en-US\"},{\"@type\":\"Organization\",\"@id\":\"https:\/\/ideate.com.co\/#organization\",\"name\":\"ideate\",\"url\":\"https:\/\/ideate.com.co\/\",\"logo\":{\"@type\":\"ImageObject\",\"inLanguage\":\"en-US\",\"@id\":\"https:\/\/ideate.com.co\/#\/schema\/logo\/image\/\",\"url\":\"https:\/\/ideate.com.co\/wp-content\/uploads\/2023\/01\/ideate-banner-negro-04.png\",\"contentUrl\":\"https:\/\/ideate.com.co\/wp-content\/uploads\/2023\/01\/ideate-banner-negro-04.png\",\"width\":2085,\"height\":2084,\"caption\":\"ideate\"},\"image\":{\"@id\":\"https:\/\/ideate.com.co\/#\/schema\/logo\/image\/\"}}]}<\/script>\n<!-- \/ Yoast SEO plugin. -->","yoast_head_json":{"title":"Web Page Design - Box of ideas","description":"En IDEATE, dise\u00f1amos la p\u00e1gina web ideal para tu empresa con SEO incluido para elevar tu sitio web en los primeros puestos de GOOGLE y as\u00ed mostrar tu negocio a los clientes m\u00e1s potenciales.","robots":{"index":"index","follow":"follow","max-snippet":"max-snippet:-1","max-image-preview":"max-image-preview:large","max-video-preview":"max-video-preview:-1"},"canonical":"https:\/\/ideate.com.co\/index.php\/realizamos-el-desarrollo-y-diseno-de-tu-sitio-web-o-tienda-virtual\/","og_locale":"en_US","og_type":"article","og_title":"Web Page Design - Box of ideas","og_description":"En IDEATE, dise\u00f1amos la p\u00e1gina web ideal para tu empresa con SEO incluido para elevar tu sitio web en los primeros puestos de GOOGLE y as\u00ed mostrar tu negocio a los clientes m\u00e1s potenciales.","og_url":"https:\/\/ideate.com.co\/index.php\/realizamos-el-desarrollo-y-diseno-de-tu-sitio-web-o-tienda-virtual\/","og_site_name":"Box of ideas","article_modified_time":"2024-06-03T00:03:26+00:00","og_image":[{"width":900,"height":653,"url":"https:\/\/ideate.com.co\/wp-content\/uploads\/2022\/12\/ideate-desing-ux-ui.jpg","type":"image\/jpeg"}],"twitter_card":"summary_large_image","schema":{"@context":"https:\/\/schema.org","@graph":[{"@type":"WebPage","@id":"https:\/\/ideate.com.co\/index.php\/realizamos-el-desarrollo-y-diseno-de-tu-sitio-web-o-tienda-virtual\/","url":"https:\/\/ideate.com.co\/index.php\/realizamos-el-desarrollo-y-diseno-de-tu-sitio-web-o-tienda-virtual\/","name":"Web Page Design - Box of ideas","isPartOf":{"@id":"https:\/\/ideate.com.co\/#website"},"primaryImageOfPage":{"@id":"https:\/\/ideate.com.co\/index.php\/realizamos-el-desarrollo-y-diseno-de-tu-sitio-web-o-tienda-virtual\/#primaryimage"},"image":{"@id":"https:\/\/ideate.com.co\/index.php\/realizamos-el-desarrollo-y-diseno-de-tu-sitio-web-o-tienda-virtual\/#primaryimage"},"thumbnailUrl":"https:\/\/ideate.com.co\/wp-content\/uploads\/2022\/12\/ideate-desing-ux-ui.jpg","datePublished":"2023-01-14T03:38:05+00:00","dateModified":"2024-06-03T00:03:26+00:00","description":"En IDEATE, dise\u00f1amos la p\u00e1gina web ideal para tu empresa con SEO incluido para elevar tu sitio web en los primeros puestos de GOOGLE y as\u00ed mostrar tu negocio a los clientes m\u00e1s potenciales.","breadcrumb":{"@id":"https:\/\/ideate.com.co\/index.php\/realizamos-el-desarrollo-y-diseno-de-tu-sitio-web-o-tienda-virtual\/#breadcrumb"},"inLanguage":"en-US","potentialAction":[{"@type":"ReadAction","target":["https:\/\/ideate.com.co\/index.php\/realizamos-el-desarrollo-y-diseno-de-tu-sitio-web-o-tienda-virtual\/"]}]},{"@type":"ImageObject","inLanguage":"en-US","@id":"https:\/\/ideate.com.co\/index.php\/realizamos-el-desarrollo-y-diseno-de-tu-sitio-web-o-tienda-virtual\/#primaryimage","url":"https:\/\/ideate.com.co\/wp-content\/uploads\/2022\/12\/ideate-desing-ux-ui.jpg","contentUrl":"https:\/\/ideate.com.co\/wp-content\/uploads\/2022\/12\/ideate-desing-ux-ui.jpg","width":900,"height":653},{"@type":"BreadcrumbList","@id":"https:\/\/ideate.com.co\/index.php\/realizamos-el-desarrollo-y-diseno-de-tu-sitio-web-o-tienda-virtual\/#breadcrumb","itemListElement":[{"@type":"ListItem","position":1,"name":"Portada","item":"https:\/\/ideate.com.co\/"},{"@type":"ListItem","position":2,"name":"Web Page Design"}]},{"@type":"WebSite","@id":"https:\/\/ideate.com.co\/#website","url":"https:\/\/ideate.com.co\/","name":"Digital marketing that boosts businesses","description":"Marketing Digital Que impulsa empresas","publisher":{"@id":"https:\/\/ideate.com.co\/#organization"},"potentialAction":[{"@type":"SearchAction","target":{"@type":"EntryPoint","urlTemplate":"https:\/\/ideate.com.co\/?s={search_term_string}"},"query-input":{"@type":"PropertyValueSpecification","valueRequired":true,"valueName":"search_term_string"}}],"inLanguage":"en-US"},{"@type":"Organization","@id":"https:\/\/ideate.com.co\/#organization","name":"ideate","url":"https:\/\/ideate.com.co\/","logo":{"@type":"ImageObject","inLanguage":"en-US","@id":"https:\/\/ideate.com.co\/#\/schema\/logo\/image\/","url":"https:\/\/ideate.com.co\/wp-content\/uploads\/2023\/01\/ideate-banner-negro-04.png","contentUrl":"https:\/\/ideate.com.co\/wp-content\/uploads\/2023\/01\/ideate-banner-negro-04.png","width":2085,"height":2084,"caption":"ideate"},"image":{"@id":"https:\/\/ideate.com.co\/#\/schema\/logo\/image\/"}}]}},"_links":{"self":[{"href":"https:\/\/ideate.com.co\/index.php\/wp-json\/wp\/v2\/pages\/110","targetHints":{"allow":["GET"]}}],"collection":[{"href":"https:\/\/ideate.com.co\/index.php\/wp-json\/wp\/v2\/pages"}],"about":[{"href":"https:\/\/ideate.com.co\/index.php\/wp-json\/wp\/v2\/types\/page"}],"author":[{"embeddable":true,"href":"https:\/\/ideate.com.co\/index.php\/wp-json\/wp\/v2\/users\/1"}],"replies":[{"embeddable":true,"href":"https:\/\/ideate.com.co\/index.php\/wp-json\/wp\/v2\/comments?post=110"}],"version-history":[{"count":0,"href":"https:\/\/ideate.com.co\/index.php\/wp-json\/wp\/v2\/pages\/110\/revisions"}],"wp:featuredmedia":[{"embeddable":true,"href":"https:\/\/ideate.com.co\/index.php\/wp-json\/wp\/v2\/media\/23"}],"wp:attachment":[{"href":"https:\/\/ideate.com.co\/index.php\/wp-json\/wp\/v2\/media?parent=110"}],"curies":[{"name":"wp","href":"https:\/\/api.w.org\/{rel}","templated":true}]}}